{"id":80,"date":"2016-03-15T21:41:16","date_gmt":"2016-03-15T21:41:16","guid":{"rendered":"http:\/\/94.246.179.17\/wp\/?page_id=80"},"modified":"2017-02-06T15:20:42","modified_gmt":"2017-02-06T15:20:42","slug":"o-nas","status":"publish","type":"page","link":"https:\/\/m-connect.pl\/?page_id=80","title":{"rendered":"O NAS"},"content":{"rendered":"<div class=\"wpb_text_column wpb_content_element vc_custom_1457161236379 section_title\">\n<div class=\"wpb_wrapper\">\n<h3 style=\"text-align: center;\"><strong>Kilka s\u0142\u00f3w o firmie\u00a0m-Connect<\/strong><\/h3>\n<p>Firma <strong>m-Connect<\/strong>\u00a0oferuje szybki i niezawodny internet dla firm i klient\u00f3w indywidualnych. Proponujemy\u00a0<span class=\"highlight\"><b>internet bezprzewodowy<\/b><\/span>\u00a0na terenie miasta \u017bary\u00a0oraz najbli\u017cszych okolic. Nasza sie\u0107 jest rozbudowywana w oparciu o nowoczesne technologie \u015bwiat\u0142owodowe i\u00a0najlepsze rozwi\u0105zania w dziedzinie sieci bezprzewodowych.<\/p>\n<\/div>\n<\/div>\n<div class=\"vc_row wpb_row vc_inner\">\n<div class=\"wpb_column column_container col-sm-6\">\n<div class=\"vc_column-inner \">\n<div class=\"wpb_wrapper\">\n<div class=\"about-row \">\n<div class=\"about-icon \"><\/div>\n<div class=\"about-info \">\n<h4>Nowoczesne technologie<br \/>\n<small>Gwarancja stabilno\u015bci<\/small><\/h4>\n<p class=\"about-description \">Inwestuj\u0105c w nowoczesny sprz\u0119t mamy gwarancj\u0119 stabilno\u015bci i niezawodno\u015bci po\u0142\u0105cze\u0144 nawet w najtrudniejszych warunkach. Stosujemy nowatorskie rozwi\u0105zania co pozwala \u015bwiadczy\u0107 us\u0142ugi na najwy\u017cszym poziomie.<\/p>\n<\/div>\n<\/div>\n<div class=\"about-row \">\n<div class=\"about-icon \"><\/div>\n<div class=\"about-info \">\n<h4>Profesjonalizm<br \/>\n<small>Gwarancja solidno\u015bci<\/small><\/h4>\n<p>Szybkie dzia\u0142anie stawia nasza firm\u0119 jako najlepszy serwis na rynku lokalnym, wystarczy zwr\u00f3ci\u0107 si\u0119 do naszych klient\u00f3w o opinie.<\/p>\n<\/div>\n<\/div>\n<\/div>\n<\/div>\n<\/div>\n<div class=\"wpb_column column_container col-sm-6\">\n<div class=\"vc_column-inner \">\n<div class=\"wpb_wrapper\">\n<div class=\"about-row \">\n<div class=\"about-icon \"><\/div>\n<div class=\"about-info \">\n<h4>Zadowoleni klienci<br \/>\n<small>Niezawodno\u015b\u0107<\/small><\/h4>\n<p class=\"about-description \">Zale\u017cy nam na budowaniu dobrych i d\u0142ugotrwa\u0142ych kontakt\u00f3w. Nasi dotychczasowi klienci s\u0105 zadowoleni, a to jest dla nas priorytetem. Zobacz jak dzia\u0142a niezawodny internet.<\/p>\n<\/div>\n<\/div>\n<div class=\"about-row \">\n<div class=\"about-icon \"><\/div>\n<div class=\"about-info \">\n<h4>Jako\u015b\u0107 us\u0142ug<br \/>\n<small>Stawiamy na jako\u015b\u0107<\/small><\/h4>\n<p class=\"about-description \">O wysokiej jako\u015bci naszych us\u0142ug mo\u017ce \u015bwiadczy\u0107 dynamiczny rozw\u00f3j firmy. Sukces na tym wysoce konkurencyjnym rynku mog\u0105 odnie\u015b\u0107 jedynie te firmy, kt\u00f3re w\u0142a\u015bciwie okre\u015bli\u0142y swoje priorytety i konsekwentnie realizuj\u0105 swoj\u0105 misj\u0119.<\/p>\n<p><a rel=\"nofollow\" target=\"_blank\" href=\"https:\/\/wizytowka.rzetelnafirma.pl\/K2E4812P\"><img decoding=\"async\" title=\"Kliknij i sprawd\u017a status certyfikatu\" alt=\"\" src=\"http:\/\/aktywnybaner.rzetelnafirma.pl\/ActiveBanner\/GetActiveBannerImage\/3\/K2E4812P\" style=\"border:none;\"\/><\/a> <a href=\"http:\/\/www.firmy.net\/dostawcy-internetu\/m-connect,W7NYX.html\" target=\"_blank\"><img decoding=\"async\" src=\"http:\/\/imgx.firmy.net\/firmaPrzyjaznaInternautom.img?W7NYX\" style=\"width:190px;height:75px\" alt=\"m-Connect Magdalena Baran &#379;ary\"\/><\/a><\/p>\n<\/div>\n<\/div>\n<\/div>\n<\/div>\n<\/div>\n<\/div>\n<div class=\"wpb_text_column wpb_content_element vc_custom_1454946097270 section_title\">\n<div class=\"wpb_wrapper\">\n<h2><\/h2>\n<p>Ka\u017cdego dnia pracujemy nad bezpiecze\u0144stwem i popraw\u0105 \u015bwiadczonych przez nas us\u0142ug. Gwarantujemy Klientom sta\u0142y i stabilny <span class=\"highlight\">dost\u0119p do internetu <\/span>\u00a0po konkurencyjnych cenach. Nasze urz\u0105dzenia charakteryzuj\u0105 si\u0119 d\u0142ug\u0105 i bezawaryjn\u0105 prac\u0105 przez co \u015bwiadczone przez nas us\u0142ugi s\u0105 na <strong>najwy\u017cszym poziomie<\/strong>.<\/p>\n<p>&nbsp;<\/p>\n<p>Wysi\u0142ki naszej firmy skupiaj\u0105 si\u0119 na trzech g\u0142\u00f3wnych zagadnieniach: oferowaniu najnowocze\u015bniejszych technologii teleinformatycznych, podwy\u017cszaniu jako\u015bci \u015bwiadczonych us\u0142ug i ci\u0105g\u0142ym podnoszeniu kwalifikacji naszych pracownik\u00f3w. Realizuj\u0105c te zadania osi\u0105gn\u0119li\u015bmy najwa\u017cniejszy cel naszego dzia\u0142ania \u2013 pe\u0142n\u0105 satysfakcj\u0119 klient\u00f3w!<\/p>\n<\/div>\n<\/div>\n<div>\n<div class=\"wpb_text_column wpb_content_element vc_custom_1454954256057\">\n<div class=\"wpb_wrapper\">\n<hr \/>\n<h3 style=\"text-align: center;\"><strong>Dlaczego<\/strong>\u00a0<small class=\"\">my?<\/small><\/h3>\n<p class=\"lead text-center\" style=\"text-align: center;\">Kilka powod\u00f3w aby wybra\u0107 nasz\u0105 firm\u0119<\/p>\n<\/div>\n<\/div>\n<div class=\"vc_row wpb_row vc_inner\">\n<div class=\"wpb_column column_container col-sm-4\">\n<div class=\"vc_column-inner \">\n<div class=\"wpb_wrapper\">\n<div class=\"about-row \">\n<div class=\"about-icon \"><\/div>\n<div class=\"about-info \">\n<h4>Nowoczesne technologie<br \/>\n<small>Sprawdzone rozwi\u0105zania<\/small><\/h4>\n<p class=\"about-description \">Opieramy si\u0119 na sprawdzonych i nowatorskich rozwi\u0105zaniach.<\/p>\n<\/div>\n<\/div>\n<\/div>\n<\/div>\n<\/div>\n<div class=\"wpb_column column_container col-sm-4\">\n<div class=\"vc_column-inner \">\n<div class=\"wpb_wrapper\">\n<div class=\"about-row \">\n<div class=\"about-icon \"><\/div>\n<div class=\"about-info \">\n<h4>Do\u015bwiadczenie<br \/>\n<small>Na naszym rynku<\/small><\/h4>\n<p class=\"about-description \">Posiadamy 8 lat do\u015bwiadczenia na rynku lokalnym.<\/p>\n<\/div>\n<\/div>\n<\/div>\n<\/div>\n<\/div>\n<div class=\"wpb_column column_container col-sm-4\">\n<div class=\"vc_column-inner \">\n<div class=\"wpb_wrapper\">\n<div class=\"about-row \">\n<div class=\"about-icon \"><\/div>\n<div class=\"about-info \">\n<h4>Wsparcie techniczne<br \/>\n<small>Support<\/small><\/h4>\n<p class=\"about-description \">W przypadku pojawienia si\u0119 jakiejkolwiek awarii, jeste\u015bmy dost\u0119pni pod telefonem serwisowym<\/p>\n<\/div>\n<\/div>\n<\/div>\n<\/div>\n<\/div>\n<\/div>\n<div class=\"vc_row wpb_row vc_inner\">\n<div class=\"wpb_column column_container col-sm-4\">\n<div class=\"vc_column-inner \">\n<div class=\"wpb_wrapper\">\n<div class=\"about-row \">\n<div class=\"about-icon \"><\/div>\n<div class=\"about-info \">\n<h4>Najwy\u017cszy poziom<br \/>\n<small>\u015awiadczonych us\u0142ug<\/small><\/h4>\n<p class=\"about-description \">Cechujemy si\u0119 wysok\u0105 niezawodno\u015bci\u0105 us\u0142ug Internetowych.<\/p>\n<\/div>\n<\/div>\n<\/div>\n<\/div>\n<\/div>\n<div class=\"wpb_column column_container col-sm-4\">\n<div class=\"vc_column-inner \">\n<div class=\"wpb_wrapper\">\n<div class=\"about-row \">\n<div class=\"about-icon \"><\/div>\n<div class=\"about-info \">\n<h4>Nieograniczony<br \/>\n<small>Transfer danych<\/small><\/h4>\n<p class=\"about-description \">Nie limitujemy ilo\u015bci przes\u0142anych danych.<\/p>\n<\/div>\n<\/div>\n<\/div>\n<\/div>\n<\/div>\n<div class=\"wpb_column column_container col-sm-4\">\n<div class=\"vc_column-inner \">\n<div class=\"wpb_wrapper\">\n<div class=\"about-row \">\n<div class=\"about-icon \"><\/div>\n<div class=\"about-info \">\n<h4>Darmowy<br \/>\n<small>Okres pr\u00f3bny<\/small><\/h4>\n<p class=\"about-description \">Oferujemy kilku dniowy okres pr\u00f3bny na bezp\u0142atne przetestowanie naszej us\u0142ugi.<\/p>\n<\/div>\n<\/div>\n<\/div>\n<\/div>\n<\/div>\n<\/div>\n<\/div>\n","protected":false},"excerpt":{"rendered":"<p>Kilka s\u0142\u00f3w o firmie\u00a0m-Connect Firma m-Connect\u00a0oferuje szybki i niezawodny internet dla firm i klient\u00f3w indywidualnych. Proponujemy\u00a0internet bezprzewodowy\u00a0na terenie miasta \u017bary\u00a0oraz najbli\u017cszych okolic. Nasza sie\u0107 jest rozbudowywana w oparciu o nowoczesne technologie \u015bwiat\u0142owodowe i\u00a0najlepsze rozwi\u0105zania w dziedzinie sieci bezprzewodowych. Nowoczesne technologie Gwarancja stabilno\u015bci Inwestuj\u0105c w nowoczesny sprz\u0119t mamy gwarancj\u0119 stabilno\u015bci i [&hellip;]<\/p>\n","protected":false},"author":1,"featured_media":0,"parent":0,"menu_order":0,"comment_status":"closed","ping_status":"closed","template":"page-fullwidth.php","meta":{"footnotes":""},"class_list":["post-80","page","type-page","status-publish","hentry"],"_links":{"self":[{"href":"https:\/\/m-connect.pl\/index.php?rest_route=\/wp\/v2\/pages\/80","targetHints":{"allow":["GET"]}}],"collection":[{"href":"https:\/\/m-connect.pl\/index.php?rest_route=\/wp\/v2\/pages"}],"about":[{"href":"https:\/\/m-connect.pl\/index.php?rest_route=\/wp\/v2\/types\/page"}],"author":[{"embeddable":true,"href":"https:\/\/m-connect.pl\/index.php?rest_route=\/wp\/v2\/users\/1"}],"replies":[{"embeddable":true,"href":"https:\/\/m-connect.pl\/index.php?rest_route=%2Fwp%2Fv2%2Fcomments&post=80"}],"version-history":[{"count":20,"href":"https:\/\/m-connect.pl\/index.php?rest_route=\/wp\/v2\/pages\/80\/revisions"}],"predecessor-version":[{"id":346,"href":"https:\/\/m-connect.pl\/index.php?rest_route=\/wp\/v2\/pages\/80\/revisions\/346"}],"wp:attachment":[{"href":"https:\/\/m-connect.pl\/index.php?rest_route=%2Fwp%2Fv2%2Fmedia&parent=80"}],"curies":[{"name":"wp","href":"https:\/\/api.w.org\/{rel}","templated":true}]}}