{"id":67,"date":"2016-03-15T20:59:52","date_gmt":"2016-03-15T20:59:52","guid":{"rendered":"http:\/\/94.246.179.17\/wp\/?page_id=67"},"modified":"2025-02-02T19:09:11","modified_gmt":"2025-02-02T18:09:11","slug":"contact-form-1","status":"publish","type":"page","link":"https:\/\/m-connect.pl\/?page_id=67","title":{"rendered":"KONTAKT"},"content":{"rendered":"<div id=\"j_id120\" class=\"contact_header\" style=\"text-align: left;\"><span style=\"color: #000000;\"><strong>\u00a0 \u00a0 \u00a0 \u00a0 \u00a0 \u00a0 \u00a0 \u00a0 \u00a0 \u00a0 \u00a0 \u00a0 \u00a0 \u00a0 <\/strong>m-Connect<\/span><\/div>\n<div class=\"company contact_line\">\n<div id=\"j_id123\" class=\"rich-inplace-view cont_field cont_mail\" style=\"text-align: left;\"><span style=\"color: #000000;\">\u00a0\u00a0\u00a0\u00a0\u00a0\u00a0\u00a0\u00a0\u00a0\u00a0\u00a0\u00a0\u00a0\u00a0\u00a0\u00a0\u00a0\u00a0 \u00a0 \u00a0 \u00a0 \u00a0\u00a0 \u017baga\u0144ska 112\/25\u00a0 \u00a0 \u00a0 \u00a0 \u00a0 \u00a0 \u00a0 \u00a0 \u00a0 \u00a0 \u00a0 \u00a0 \u00a0 \u00a0 \u00a0 \u00a0 \u00a0 \u00a0\u00a0<strong><span id=\"j_id149\">Nr rachunku bankowego:\u00a0 mBank\u00a0<\/span>54 1140 2004 0000 3102 7364 6818<\/strong><\/span><\/div>\n<div class=\"rich-inplace-view cont_field cont_mail\" style=\"text-align: left;\"><span style=\"color: #000000;\"><span style=\"color: #000000;\">\u00a0 \u00a0 \u00a0 \u00a0 \u00a0 \u00a0 \u00a0 \u00a0 \u00a0 \u00a0 \u00a0 \u00a0 \u00a0 \u00a0 68-200 \u017bary\u00a0 \u00a0 \u00a0 \u00a0 \u00a0 \u00a0 \u00a0 \u00a0 \u00a0 \u00a0 \u00a0 \u00a0 \u00a0 \u00a0 \u00a0 \u00a0 \u00a0 \u00a0 \u00a0 \u00a0 \u00a0 \u00a0 \u00a0<\/span><\/span><\/div>\n<div id=\"j_id127\" class=\"cont_field cont_nip\" style=\"text-align: left;\"><span style=\"color: #000000;\"><span id=\"j_id128\">\u00a0\u00a0\u00a0\u00a0\u00a0\u00a0\u00a0\u00a0\u00a0\u00a0\u00a0\u00a0\u00a0\u00a0\u00a0\u00a0\u00a0\u00a0 \u00a0 \u00a0 \u00a0 \u00a0\u00a0 NIP: \u00a0<\/span>928-120-16-27\u00a0 \u00a0 \u00a0 \u00a0 \u00a0 \u00a0 \u00a0 \u00a0 \u00a0 \u00a0 \u00a0 \u00a0 \u00a0 \u00a0 \u00a0 \u00a0<strong><span id=\"j_id149\">Nr rachunku bankowego:<\/span><\/strong>\u00a0<strong><span style=\"font-family: Arial Black, sans-serif;\"><span style=\"font-size: small;\">Bnpparibas <\/span><\/span><\/strong><strong><span style=\"font-family: Arial Black, sans-serif;\"><span style=\"font-size: small;\">62 1750 0012 0000 0000 3848 1797<\/span><\/span><\/strong><\/span><\/div>\n<div class=\"cont_field cont_nip\" style=\"text-align: left;\"><span style=\"color: #000000;\">\u00a0 \u00a0 \u00a0 \u00a0 \u00a0 \u00a0 \u00a0 \u00a0 \u00a0 \u00a0 \u00a0 \u00a0 \u00a0 \u00a0\u00a0<span id=\"j_id138\">REGON: \u00a0<\/span>971297695 \u00a0 \u00a0\u00a0<\/span><span style=\"color: #000000;\"><span id=\"j_id138\">\u00a0 \u00a0 \u00a0 \u00a0 \u00a0 \u00a0 \u00a0 \u00a0 \u00a0 \u00a0\u00a0<\/span>\u00a0 \u00a0 \u00a0 \u00a0 \u00a0 \u00a0 \u00a0 \u00a0 \u00a0 \u00a0 \u00a0 \u00a0 \u00a0 \u00a0 \u00a0 \u00a0 \u00a0 \u00a0 \u00a0 \u00a0 \u00a0 \u00a0 \u00a0 \u00a0<\/span><\/div>\n<div class=\"cont_field cont_regon\" style=\"text-align: left;\">\n<hr \/>\n<h3>Telefony Kontaktowe<\/h3>\n<div>Infolinia czynna jest w godzinach pracy Biura Obs\u0142ugi Klienta: pn &#8211; pt 8:00 &#8211; 16:00, sobota tylko SMS<\/div>\n<h3 class=\"kontakt_tel\">Telefon kom\u00f3rkowy:\u00a0<strong>505996616<\/strong><\/h3>\n<div class=\"kontakt_tel\">\n<h5>(po godzinach pracy SMS! w sprawie awarii)<\/h5>\n<\/div>\n<div class=\"kontakt_tel\">\n<h3>Telefon do Biura: <strong>516 516 121\u00a0<\/strong><\/h3>\n<h3><span style=\"color: #ff0000;\">Zap\u0142a\u0107 Faktur\u0119 Blikiem na nr telefonu 516 516 121<\/span><strong><br \/>\n<\/strong><\/h3>\n<p><span style=\"font-size: revert; color: initial;\">Informacje, kt\u00f3re mo\u017cesz uzyska\u0107 dzwoni\u0105c do nas:<\/span><\/p>\n<\/div>\n<div>\n<ul class=\"kontakt_info_lista\">\n<li>Poznasz szczeg\u00f3\u0142y aktualnych ofert i promocji dla nowych i obecnych klient\u00f3w\u00a0m-Connect<\/li>\n<li>Zam\u00f3wisz nowe us\u0142ugi szybko i bez zb\u0119dnych formalno\u015bci<\/li>\n<li>Zmienisz us\u0142ugi, z kt\u00f3rych korzystasz<\/li>\n<li>Potwierdzisz dost\u0119pno\u015b\u0107 nowych us\u0142ug w Twojej miejscowo\u015bci<\/li>\n<\/ul>\n<p>Poza godzinami pracy biura zapraszamy do kontaktu przez formularz kontaktowy poni\u017cej<\/p>\n<\/div>\n<div>lub przes\u0142ania wiadomo\u015bci na adres e-mail: <strong><span style=\"color: #3366ff;\"><a class=\"akontakt\" style=\"color: #3366ff;\" href=\"mailto:info@m-connect.pl\" target=\"_blank\" rel=\"noopener\">info@m-connect.pl<\/a><\/span><\/strong><\/div>\n<\/div>\n<\/div>\n<div><\/div>\n<div class=\"company contact_line\">\n<div class=\"cont_field cont_regon\">\n<hr \/>\n<\/div>\n<\/div>\n<p>[contact-form-7 id=&#8221;68&#8243; title=&#8221;Wiadomo\u015b\u0107 ze strony m-Connect&#8221;]<\/p>\n","protected":false},"excerpt":{"rendered":"<p>\u00a0 \u00a0 \u00a0 \u00a0 \u00a0 \u00a0 \u00a0 \u00a0 \u00a0 \u00a0 \u00a0 \u00a0 \u00a0 \u00a0 m-Connect \u00a0\u00a0\u00a0\u00a0\u00a0\u00a0\u00a0\u00a0\u00a0\u00a0\u00a0\u00a0\u00a0\u00a0\u00a0\u00a0\u00a0\u00a0 \u00a0 \u00a0 \u00a0 \u00a0\u00a0 \u017baga\u0144ska 112\/25\u00a0 \u00a0 \u00a0 \u00a0 \u00a0 \u00a0 \u00a0 \u00a0 \u00a0 \u00a0 \u00a0 \u00a0 \u00a0 \u00a0 \u00a0 \u00a0 \u00a0 \u00a0\u00a0Nr rachunku bankowego:\u00a0 mBank\u00a054 1140 2004 0000 3102 7364 6818 \u00a0 \u00a0 [&hellip;]<\/p>\n","protected":false},"author":1,"featured_media":0,"parent":0,"menu_order":0,"comment_status":"closed","ping_status":"closed","template":"page-fullwidth.php","meta":{"footnotes":""},"class_list":["post-67","page","type-page","status-publish","hentry"],"_links":{"self":[{"href":"https:\/\/m-connect.pl\/index.php?rest_route=\/wp\/v2\/pages\/67","targetHints":{"allow":["GET"]}}],"collection":[{"href":"https:\/\/m-connect.pl\/index.php?rest_route=\/wp\/v2\/pages"}],"about":[{"href":"https:\/\/m-connect.pl\/index.php?rest_route=\/wp\/v2\/types\/page"}],"author":[{"embeddable":true,"href":"https:\/\/m-connect.pl\/index.php?rest_route=\/wp\/v2\/users\/1"}],"replies":[{"embeddable":true,"href":"https:\/\/m-connect.pl\/index.php?rest_route=%2Fwp%2Fv2%2Fcomments&post=67"}],"version-history":[{"count":40,"href":"https:\/\/m-connect.pl\/index.php?rest_route=\/wp\/v2\/pages\/67\/revisions"}],"predecessor-version":[{"id":6734,"href":"https:\/\/m-connect.pl\/index.php?rest_route=\/wp\/v2\/pages\/67\/revisions\/6734"}],"wp:attachment":[{"href":"https:\/\/m-connect.pl\/index.php?rest_route=%2Fwp%2Fv2%2Fmedia&parent=67"}],"curies":[{"name":"wp","href":"https:\/\/api.w.org\/{rel}","templated":true}]}}