{"id":6452,"date":"2020-01-07T21:08:50","date_gmt":"2020-01-07T21:08:50","guid":{"rendered":"http:\/\/m-connect.pl\/?page_id=6452"},"modified":"2020-01-08T21:36:53","modified_gmt":"2020-01-08T21:36:53","slug":"budziechow","status":"publish","type":"page","link":"https:\/\/m-connect.pl\/?page_id=6452","title":{"rendered":"Budziech\u00f3w internet"},"content":{"rendered":"<h1>Budziech\u00f3w internet<\/h1>\n<p>Jeste\u015b mieszka\u0144cem miejscowo\u015bci Budziech\u00f3w lub okolic? Szukasz dobrego i sprawdzonego dost\u0119pu do Internetu? Internet radiowy m-Connect to najlepsze rozwi\u0105zanie dla wszystkich, kt\u00f3rzy chc\u0105 cieszy\u0107 si\u0119 szybkim, sta\u0142ym i nielimitowanym internetem a nie podsiadaj\u0105 dost\u0119pu do nowoczesnych sieci kablowych i \u015bwiat\u0142owodowych. Sprawd\u017a nasz\u0105 aktualn\u0105 ofert\u0119 dla miejscowo\u015bci Budziech\u00f3w i zam\u00f3w ju\u017c dzi\u015b!<\/p>\n","protected":false},"excerpt":{"rendered":"<p>Budziech\u00f3w internet Jeste\u015b mieszka\u0144cem miejscowo\u015bci Budziech\u00f3w lub okolic? Szukasz dobrego i sprawdzonego dost\u0119pu do Internetu? Internet radiowy m-Connect to najlepsze rozwi\u0105zanie dla wszystkich, kt\u00f3rzy chc\u0105 cieszy\u0107 si\u0119 szybkim, sta\u0142ym i nielimitowanym internetem a nie podsiadaj\u0105 dost\u0119pu do nowoczesnych sieci kablowych i \u015bwiat\u0142owodowych. Sprawd\u017a nasz\u0105 aktualn\u0105 ofert\u0119 dla miejscowo\u015bci Budziech\u00f3w i [&hellip;]<\/p>\n","protected":false},"author":1,"featured_media":0,"parent":0,"menu_order":0,"comment_status":"closed","ping_status":"closed","template":"","meta":{"footnotes":""},"class_list":["post-6452","page","type-page","status-publish","hentry"],"_links":{"self":[{"href":"https:\/\/m-connect.pl\/index.php?rest_route=\/wp\/v2\/pages\/6452","targetHints":{"allow":["GET"]}}],"collection":[{"href":"https:\/\/m-connect.pl\/index.php?rest_route=\/wp\/v2\/pages"}],"about":[{"href":"https:\/\/m-connect.pl\/index.php?rest_route=\/wp\/v2\/types\/page"}],"author":[{"embeddable":true,"href":"https:\/\/m-connect.pl\/index.php?rest_route=\/wp\/v2\/users\/1"}],"replies":[{"embeddable":true,"href":"https:\/\/m-connect.pl\/index.php?rest_route=%2Fwp%2Fv2%2Fcomments&post=6452"}],"version-history":[{"count":2,"href":"https:\/\/m-connect.pl\/index.php?rest_route=\/wp\/v2\/pages\/6452\/revisions"}],"predecessor-version":[{"id":6469,"href":"https:\/\/m-connect.pl\/index.php?rest_route=\/wp\/v2\/pages\/6452\/revisions\/6469"}],"wp:attachment":[{"href":"https:\/\/m-connect.pl\/index.php?rest_route=%2Fwp%2Fv2%2Fmedia&parent=6452"}],"curies":[{"name":"wp","href":"https:\/\/api.w.org\/{rel}","templated":true}]}}