{"id":6397,"date":"2020-01-05T13:51:14","date_gmt":"2020-01-05T13:51:14","guid":{"rendered":"http:\/\/m-connect.pl\/?page_id=6397"},"modified":"2020-01-08T21:37:13","modified_gmt":"2020-01-08T21:37:13","slug":"dluzek","status":"publish","type":"page","link":"https:\/\/m-connect.pl\/?page_id=6397","title":{"rendered":"D\u0142u\u017cek internet"},"content":{"rendered":"<h1>D\u0142u\u017cek internet<\/h1>\n<h5>Jeste\u015b mieszka\u0144cem miejscowo\u015bci D\u0142u\u017cek lub okolic? Szukasz dobrego i sprawdzonego dost\u0119pu do Internetu? Internet radiowy m-Connect to najlepsze rozwi\u0105zanie dla wszystkich, kt\u00f3rzy chc\u0105 cieszy\u0107 si\u0119 szybkim, sta\u0142ym i nielimitowanym internetem a nie podsiadaj\u0105 dost\u0119pu do nowoczesnych sieci kablowych i \u015bwiat\u0142owodowych. Sprawd\u017a nasz\u0105 aktualn\u0105 ofert\u0119 dla miejscowo\u015bci D\u0142u\u017cek i zam\u00f3w ju\u017c dzi\u015b!<\/h5>\n<p style=\"text-align: center;\">&nbsp;<\/p>\n<p><span style=\"color: #ffffff;\">internet D\u0142u\u017cek, internet w D\u0142u\u017cku, internet d\u0142u\u017cek, internet dluzek<\/span><\/p>\n<p><span style=\"color: #ffffff;\">&nbsp;internet dluzek, internet d\u0142u\u017cek.<\/span><\/p>\n","protected":false},"excerpt":{"rendered":"<p>D\u0142u\u017cek internet Jeste\u015b mieszka\u0144cem miejscowo\u015bci D\u0142u\u017cek lub okolic? Szukasz dobrego i sprawdzonego dost\u0119pu do Internetu? Internet radiowy m-Connect to najlepsze rozwi\u0105zanie dla wszystkich, kt\u00f3rzy chc\u0105 cieszy\u0107 si\u0119 szybkim, sta\u0142ym i nielimitowanym internetem a nie podsiadaj\u0105 dost\u0119pu do nowoczesnych sieci kablowych i \u015bwiat\u0142owodowych. Sprawd\u017a nasz\u0105 aktualn\u0105 ofert\u0119 dla miejscowo\u015bci D\u0142u\u017cek i [&hellip;]<\/p>\n","protected":false},"author":1,"featured_media":0,"parent":0,"menu_order":0,"comment_status":"closed","ping_status":"closed","template":"","meta":{"footnotes":""},"class_list":["post-6397","page","type-page","status-publish","hentry"],"_links":{"self":[{"href":"https:\/\/m-connect.pl\/index.php?rest_route=\/wp\/v2\/pages\/6397","targetHints":{"allow":["GET"]}}],"collection":[{"href":"https:\/\/m-connect.pl\/index.php?rest_route=\/wp\/v2\/pages"}],"about":[{"href":"https:\/\/m-connect.pl\/index.php?rest_route=\/wp\/v2\/types\/page"}],"author":[{"embeddable":true,"href":"https:\/\/m-connect.pl\/index.php?rest_route=\/wp\/v2\/users\/1"}],"replies":[{"embeddable":true,"href":"https:\/\/m-connect.pl\/index.php?rest_route=%2Fwp%2Fv2%2Fcomments&post=6397"}],"version-history":[{"count":11,"href":"https:\/\/m-connect.pl\/index.php?rest_route=\/wp\/v2\/pages\/6397\/revisions"}],"predecessor-version":[{"id":6470,"href":"https:\/\/m-connect.pl\/index.php?rest_route=\/wp\/v2\/pages\/6397\/revisions\/6470"}],"wp:attachment":[{"href":"https:\/\/m-connect.pl\/index.php?rest_route=%2Fwp%2Fv2%2Fmedia&parent=6397"}],"curies":[{"name":"wp","href":"https:\/\/api.w.org\/{rel}","templated":true}]}}